{"id":3946,"date":"2017-01-17T18:44:49","date_gmt":"2017-01-17T17:44:49","guid":{"rendered":"http:\/\/campingjo.inodia.pro\/?page_id=3946\/"},"modified":"2017-01-17T18:44:49","modified_gmt":"2017-01-17T17:44:49","slug":"terms-and-conditions","status":"publish","type":"page","link":"https:\/\/www.campingdesjonquilles.com\/en\/terms-and-conditions\/","title":{"rendered":"Terms and Conditions"},"content":{"rendered":"<h2>Identit\u00e9<\/h2>\n<p>Camping le Domaine des Jonquilles<\/p>\n<p>SARL Soci\u00e9t\u00e9 \u00e0 responsabilit\u00e9 limit\u00e9e<\/p>\n<p>Capital social : 2 500,00 \u20ac<\/p>\n<p>SIRET : 48350919600018<\/p>\n<p>Si\u00e8ge social : 12 rue des Jonquilles 22400 Saint-Alban<\/p>\n<p>T\u00e9l\u00e9phone : +33 (0) 296 329 605<\/p>\n<p>Site internet : http:\/\/campingdesjonquilles.com\/<\/p>\n<p>Responsables de la publication : Laurent &amp; V\u00e9ronique ROLLA<\/p>\n<h2>H\u00e9bergement<\/h2>\n<p>OVH<\/p>\n<p>SAS au capital de 10 000 000 \u20ac<\/p>\n<p>RCS Roubaix \u2013 Tourcoing 424 761 419 00045<\/p>\n<p>Code APE 6202A<\/p>\n<p>N\u00b0 TVA : FR 22 424 761 419<\/p>\n<p>Si\u00e8ge social : 2 rue Kellermann \u2013 59100 Roubaix \u2013 France.<\/p>\n<h2>Conception, cr\u00e9ation graphique et d\u00e9veloppement<\/h2>\n<p>SARL G&amp;M \/\/ Inodia<\/p>\n<p>Capital social : 3000 euros<\/p>\n<p>SIRET : 799 514 021 00010 RCS de Saint-Brieuc<\/p>\n<p>Si\u00e8ge social : 6 bis, Les Portes Plouais 22400 LAMBALLE<\/p>\n<p>T\u00e9l\u00e9phone : 02 96 30 22 30<\/p>\n<p>Site internet : http:\/\/www.inodia.fr<\/p>\n<h2>Propri\u00e9t\u00e9 intellectuelle<\/h2>\n<p>L\u2019ensemble de ce site rel\u00e8ve de la l\u00e9gislation fran\u00e7aise et internationale sur le droit d\u2019auteur et la propri\u00e9t\u00e9 intellectuelle. Tous les droits de reproduction sont r\u00e9serv\u00e9s, y compris pour les documents t\u00e9l\u00e9chargeables et les repr\u00e9sentations iconographiques et photographiques. Le contenu du site est, sauf mention contraire, la propri\u00e9t\u00e9 du Camping le Domaine des Jonquilles. En cons\u00e9quence, toute utilisation des contenus du site ne peut \u00eatre faite que moyennant l\u2019autorisation \u00e9crite du Camping le Domaine des Jonquilles, dont celle-ci reste seul juge. Toute reproduction ou repr\u00e9sentation m\u00eame partielle par quelque proc\u00e9d\u00e9 que ce soit, r\u00e9alis\u00e9e sans le consentement \u00e9crit du Camping le Domaine des Jonquilles est interdite et illicite. Le non-respect de cette interdiction constitue une contrefa\u00e7on pouvant engager la responsabilit\u00e9 civile et p\u00e9nale du contrefacteur.<\/p>\n","protected":false},"excerpt":{"rendered":"<p>Identit\u00e9 Camping le Domaine des Jonquilles SARL Soci\u00e9t\u00e9 \u00e0 responsabilit\u00e9 limit\u00e9e Capital social : 2 500,00 \u20ac SIRET : 48350919600018 Si\u00e8ge social : 12 rue des Jonquilles 22400 Saint-Alban T\u00e9l\u00e9phone : +33 (0) 296 329 605 Site internet : http:\/\/campingdesjonquilles.com\/ Responsables de la publication : Laurent &amp; V\u00e9ronique ROLLA H\u00e9bergement OVH SAS au capital de [&hellip;]<\/p>\n","protected":false},"author":1,"featured_media":0,"parent":0,"menu_order":0,"comment_status":"closed","ping_status":"closed","template":"","meta":{"_acf_changed":false,"footnotes":""},"class_list":["post-3946","page","type-page","status-publish","hentry"],"acf":[],"yoast_head":"<!-- This site is optimized with the Yoast SEO plugin v27.4 - https:\/\/yoast.com\/product\/yoast-seo-wordpress\/ -->\n<title>Terms and Conditions - Camping des Jonquilles<\/title>\n<meta name=\"robots\" content=\"noindex, nofollow\" \/>\n<meta property=\"og:locale\" content=\"en_US\" \/>\n<meta property=\"og:type\" content=\"article\" \/>\n<meta property=\"og:title\" content=\"Terms and Conditions - Camping des Jonquilles\" \/>\n<meta property=\"og:description\" content=\"Identit\u00e9 Camping le Domaine des Jonquilles SARL Soci\u00e9t\u00e9 \u00e0 responsabilit\u00e9 limit\u00e9e Capital social : 2 500,00 \u20ac SIRET : 48350919600018 Si\u00e8ge social : 12 rue des Jonquilles 22400 Saint-Alban T\u00e9l\u00e9phone : +33 (0) 296 329 605 Site internet : http:\/\/campingdesjonquilles.com\/ Responsables de la publication : Laurent &amp; V\u00e9ronique ROLLA H\u00e9bergement OVH SAS au capital de [&hellip;]\" \/>\n<meta property=\"og:url\" content=\"https:\/\/www.campingdesjonquilles.com\/en\/terms-and-conditions\/\" \/>\n<meta property=\"og:site_name\" content=\"Camping des Jonquilles\" \/>\n<meta name=\"twitter:card\" content=\"summary_large_image\" \/>\n<meta name=\"twitter:label1\" content=\"Est. reading time\" \/>\n\t<meta name=\"twitter:data1\" content=\"1 minute\" \/>\n<script type=\"application\/ld+json\" class=\"yoast-schema-graph\">{\"@context\":\"https:\\\/\\\/schema.org\",\"@graph\":[{\"@type\":\"WebPage\",\"@id\":\"https:\\\/\\\/www.campingdesjonquilles.com\\\/en\\\/terms-and-conditions\\\/\",\"url\":\"https:\\\/\\\/www.campingdesjonquilles.com\\\/en\\\/terms-and-conditions\\\/\",\"name\":\"Terms and Conditions - Camping des Jonquilles\",\"isPartOf\":{\"@id\":\"https:\\\/\\\/www.campingdesjonquilles.com\\\/#website\"},\"datePublished\":\"2017-01-17T17:44:49+00:00\",\"breadcrumb\":{\"@id\":\"https:\\\/\\\/www.campingdesjonquilles.com\\\/en\\\/terms-and-conditions\\\/#breadcrumb\"},\"inLanguage\":\"en-US\",\"potentialAction\":[{\"@type\":\"ReadAction\",\"target\":[\"https:\\\/\\\/www.campingdesjonquilles.com\\\/en\\\/terms-and-conditions\\\/\"]}]},{\"@type\":\"BreadcrumbList\",\"@id\":\"https:\\\/\\\/www.campingdesjonquilles.com\\\/en\\\/terms-and-conditions\\\/#breadcrumb\",\"itemListElement\":[{\"@type\":\"ListItem\",\"position\":1,\"name\":\"Accueil\",\"item\":\"https:\\\/\\\/www.campingdesjonquilles.com\\\/en\\\/home\\\/\"},{\"@type\":\"ListItem\",\"position\":2,\"name\":\"Terms and Conditions\"}]},{\"@type\":\"WebSite\",\"@id\":\"https:\\\/\\\/www.campingdesjonquilles.com\\\/#website\",\"url\":\"https:\\\/\\\/www.campingdesjonquilles.com\\\/\",\"name\":\"Camping des Jonquilles\",\"description\":\"\",\"potentialAction\":[{\"@type\":\"SearchAction\",\"target\":{\"@type\":\"EntryPoint\",\"urlTemplate\":\"https:\\\/\\\/www.campingdesjonquilles.com\\\/?s={search_term_string}\"},\"query-input\":{\"@type\":\"PropertyValueSpecification\",\"valueRequired\":true,\"valueName\":\"search_term_string\"}}],\"inLanguage\":\"en-US\"}]}<\/script>\n<!-- \/ Yoast SEO plugin. -->","yoast_head_json":{"title":"Terms and Conditions - Camping des Jonquilles","robots":{"index":"noindex","follow":"nofollow"},"og_locale":"en_US","og_type":"article","og_title":"Terms and Conditions - Camping des Jonquilles","og_description":"Identit\u00e9 Camping le Domaine des Jonquilles SARL Soci\u00e9t\u00e9 \u00e0 responsabilit\u00e9 limit\u00e9e Capital social : 2 500,00 \u20ac SIRET : 48350919600018 Si\u00e8ge social : 12 rue des Jonquilles 22400 Saint-Alban T\u00e9l\u00e9phone : +33 (0) 296 329 605 Site internet : http:\/\/campingdesjonquilles.com\/ Responsables de la publication : Laurent &amp; V\u00e9ronique ROLLA H\u00e9bergement OVH SAS au capital de [&hellip;]","og_url":"https:\/\/www.campingdesjonquilles.com\/en\/terms-and-conditions\/","og_site_name":"Camping des Jonquilles","twitter_card":"summary_large_image","twitter_misc":{"Est. reading time":"1 minute"},"schema":{"@context":"https:\/\/schema.org","@graph":[{"@type":"WebPage","@id":"https:\/\/www.campingdesjonquilles.com\/en\/terms-and-conditions\/","url":"https:\/\/www.campingdesjonquilles.com\/en\/terms-and-conditions\/","name":"Terms and Conditions - Camping des Jonquilles","isPartOf":{"@id":"https:\/\/www.campingdesjonquilles.com\/#website"},"datePublished":"2017-01-17T17:44:49+00:00","breadcrumb":{"@id":"https:\/\/www.campingdesjonquilles.com\/en\/terms-and-conditions\/#breadcrumb"},"inLanguage":"en-US","potentialAction":[{"@type":"ReadAction","target":["https:\/\/www.campingdesjonquilles.com\/en\/terms-and-conditions\/"]}]},{"@type":"BreadcrumbList","@id":"https:\/\/www.campingdesjonquilles.com\/en\/terms-and-conditions\/#breadcrumb","itemListElement":[{"@type":"ListItem","position":1,"name":"Accueil","item":"https:\/\/www.campingdesjonquilles.com\/en\/home\/"},{"@type":"ListItem","position":2,"name":"Terms and Conditions"}]},{"@type":"WebSite","@id":"https:\/\/www.campingdesjonquilles.com\/#website","url":"https:\/\/www.campingdesjonquilles.com\/","name":"Camping des Jonquilles","description":"","potentialAction":[{"@type":"SearchAction","target":{"@type":"EntryPoint","urlTemplate":"https:\/\/www.campingdesjonquilles.com\/?s={search_term_string}"},"query-input":{"@type":"PropertyValueSpecification","valueRequired":true,"valueName":"search_term_string"}}],"inLanguage":"en-US"}]}},"_links":{"self":[{"href":"https:\/\/www.campingdesjonquilles.com\/en\/wp-json\/wp\/v2\/pages\/3946\/"}],"collection":[{"href":"https:\/\/www.campingdesjonquilles.com\/en\/wp-json\/wp\/v2\/pages\/"}],"about":[{"href":"https:\/\/www.campingdesjonquilles.com\/en\/wp-json\/wp\/v2\/types\/page\/"}],"author":[{"embeddable":true,"href":"https:\/\/www.campingdesjonquilles.com\/en\/wp-json\/wp\/v2\/users\/1\/"}],"replies":[{"embeddable":true,"href":"https:\/\/www.campingdesjonquilles.com\/en\/wp-json\/wp\/v2\/comments\/?post=3946"}],"version-history":[{"count":1,"href":"https:\/\/www.campingdesjonquilles.com\/en\/wp-json\/wp\/v2\/pages\/3946\/revisions\/"}],"predecessor-version":[{"id":3947,"href":"https:\/\/www.campingdesjonquilles.com\/en\/wp-json\/wp\/v2\/pages\/3946\/revisions\/3947\/"}],"wp:attachment":[{"href":"https:\/\/www.campingdesjonquilles.com\/en\/wp-json\/wp\/v2\/media\/?parent=3946"}],"curies":[{"name":"wp","href":"https:\/\/api.w.org\/{rel}","templated":true}]}}